{"id":33,"date":"2024-11-06T17:55:51","date_gmt":"2024-11-06T17:55:51","guid":{"rendered":"https:\/\/solredmansis.com.mx\/?page_id=33"},"modified":"2024-11-12T16:27:27","modified_gmt":"2024-11-12T16:27:27","slug":"sistemas","status":"publish","type":"page","link":"https:\/\/solredmansis.com.mx\/index.php\/sistemas\/","title":{"rendered":"Sistemas"},"content":{"rendered":"\n<div class=\"wp-block-stackable-columns stk-block-columns stk-block stk-35f78b4\" data-block-id=\"35f78b4\"><div class=\"stk-row stk-inner-blocks stk-block-content stk-content-align stk-35f78b4-column\">\n<div class=\"wp-block-stackable-column stk-block-column stk-column stk-block stk-565e693\" data-v=\"4\" data-block-id=\"565e693\"><div class=\"stk-column-wrapper stk-block-column__content stk-container stk-565e693-container stk--no-background stk--no-padding\"><div class=\"stk-block-content stk-inner-blocks stk-565e693-inner-blocks\">\n<figure class=\"wp-block-image size-full\"><img loading=\"lazy\" decoding=\"async\" width=\"921\" height=\"621\" src=\"https:\/\/solredmansis.com.mx\/wp-content\/uploads\/2024\/11\/image-12.png\" alt=\"\" class=\"wp-image-192\" srcset=\"https:\/\/solredmansis.com.mx\/wp-content\/uploads\/2024\/11\/image-12.png 921w, https:\/\/solredmansis.com.mx\/wp-content\/uploads\/2024\/11\/image-12-600x405.png 600w, https:\/\/solredmansis.com.mx\/wp-content\/uploads\/2024\/11\/image-12-300x202.png 300w, https:\/\/solredmansis.com.mx\/wp-content\/uploads\/2024\/11\/image-12-768x518.png 768w\" sizes=\"auto, (max-width: 921px) 100vw, 921px\" \/><\/figure>\n\n\n\n<p>Ampl\u00eda tus posibilidades con CONTPAQi\u00ae Contabilidad, que se integra a otras soluciones CONTPAQi\u00ae para compartir datos y mejorar la eficiencia en tu empresa. \u00a1Descubre a continuaci\u00f3n los sistemas compatibles!<\/p>\n<\/div><\/div><\/div>\n\n\n\n<div class=\"wp-block-stackable-column stk-block-column stk-column stk-block stk-5f4798a\" data-v=\"4\" data-block-id=\"5f4798a\"><div class=\"stk-column-wrapper stk-block-column__content stk-container stk-5f4798a-container stk--no-background stk--no-padding\"><div class=\"stk-block-content stk-inner-blocks stk-5f4798a-inner-blocks\">\n<figure class=\"wp-block-image size-full\"><img loading=\"lazy\" decoding=\"async\" width=\"608\" height=\"202\" src=\"https:\/\/solredmansis.com.mx\/wp-content\/uploads\/2024\/11\/image-14.png\" alt=\"\" class=\"wp-image-194\" srcset=\"https:\/\/solredmansis.com.mx\/wp-content\/uploads\/2024\/11\/image-14.png 608w, https:\/\/solredmansis.com.mx\/wp-content\/uploads\/2024\/11\/image-14-600x199.png 600w, https:\/\/solredmansis.com.mx\/wp-content\/uploads\/2024\/11\/image-14-300x100.png 300w\" sizes=\"auto, (max-width: 608px) 100vw, 608px\" \/><\/figure>\n\n\n\n<p>Los sistemas Aspel buscan eficientizar y automatizar procesos para micro, medianas y grandes empresas. Permitiendo simplificar las tareas administrativas, de contabilidad, facturaci\u00f3n y n\u00f3mina de la empresa e integrarlas a nuevas tecnolog\u00edas.<\/p>\n\n\n\n<p>Aspel cuenta con cientos de distribuidores como nosotros, en donde nuestro mayor objetivo es que a trav\u00e9s del sistema podamos<strong>&nbsp;implementar y adaptar cada m\u00f3dulo de Aspel seg\u00fan sean sus necesidades.<\/strong><\/p>\n<\/div><\/div><\/div>\n\n\n\n<div class=\"wp-block-stackable-column stk-block-column stk-column stk-block stk-894bd17\" data-v=\"4\" data-block-id=\"894bd17\"><div class=\"stk-column-wrapper stk-block-column__content stk-container stk-894bd17-container stk--no-background stk--no-padding\"><div class=\"stk-block-content stk-inner-blocks stk-894bd17-inner-blocks\">\n<figure class=\"wp-block-image size-full\"><img loading=\"lazy\" decoding=\"async\" width=\"921\" height=\"435\" src=\"https:\/\/solredmansis.com.mx\/wp-content\/uploads\/2024\/11\/image-15.png\" alt=\"\" class=\"wp-image-195\" srcset=\"https:\/\/solredmansis.com.mx\/wp-content\/uploads\/2024\/11\/image-15.png 921w, https:\/\/solredmansis.com.mx\/wp-content\/uploads\/2024\/11\/image-15-600x283.png 600w, https:\/\/solredmansis.com.mx\/wp-content\/uploads\/2024\/11\/image-15-300x142.png 300w, https:\/\/solredmansis.com.mx\/wp-content\/uploads\/2024\/11\/image-15-768x363.png 768w\" sizes=\"auto, (max-width: 921px) 100vw, 921px\" \/><\/figure>\n\n\n\n<p>Nos encargamos de dise\u00f1ar, instalar y configurar redes de comunicaci\u00f3n que se adaptan a las necesidades espec\u00edficas de su empresa. Desde la selecci\u00f3n del hardware adecuado hasta la configuraci\u00f3n de software y servicios, aseguramos que su red est\u00e9 preparada para manejar el tr\u00e1fico y las demandas del futuro. Ya sea que necesite una red local (LAN), una red de \u00e1rea amplia (WAN), o soluciones inal\u00e1mbricas avanzadas, nuestro equipo de expertos est\u00e1 aqu\u00ed para guiarlo en cada paso del proceso.<\/p>\n<\/div><\/div><\/div>\n<\/div><\/div>\n\n\n\n<p><\/p>\n","protected":false},"excerpt":{"rendered":"<p>Ampl\u00eda tus posibilidades con CONTPAQi\u00ae Contabilidad, que se integra a otras soluciones CONTPAQi\u00ae para compartir datos y mejorar la eficiencia en tu empresa. \u00a1Descubre a continuaci\u00f3n los sistemas compatibles! Los sistemas Aspel buscan eficientizar y automatizar procesos para micro, medianas y grandes empresas. Permitiendo simplificar las tareas administrativas, de contabilidad, facturaci\u00f3n y n\u00f3mina de la [&hellip;]<\/p>\n","protected":false},"author":1,"featured_media":0,"parent":0,"menu_order":0,"comment_status":"closed","ping_status":"closed","template":"","meta":{"footnotes":""},"class_list":["post-33","page","type-page","status-publish","hentry"],"blocksy_meta":{"has_hero_section":"disabled","styles_descriptor":{"styles":{"desktop":"","tablet":"","mobile":""},"google_fonts":[],"version":6}},"_links":{"self":[{"href":"https:\/\/solredmansis.com.mx\/index.php\/wp-json\/wp\/v2\/pages\/33","targetHints":{"allow":["GET"]}}],"collection":[{"href":"https:\/\/solredmansis.com.mx\/index.php\/wp-json\/wp\/v2\/pages"}],"about":[{"href":"https:\/\/solredmansis.com.mx\/index.php\/wp-json\/wp\/v2\/types\/page"}],"author":[{"embeddable":true,"href":"https:\/\/solredmansis.com.mx\/index.php\/wp-json\/wp\/v2\/users\/1"}],"replies":[{"embeddable":true,"href":"https:\/\/solredmansis.com.mx\/index.php\/wp-json\/wp\/v2\/comments?post=33"}],"version-history":[{"count":8,"href":"https:\/\/solredmansis.com.mx\/index.php\/wp-json\/wp\/v2\/pages\/33\/revisions"}],"predecessor-version":[{"id":197,"href":"https:\/\/solredmansis.com.mx\/index.php\/wp-json\/wp\/v2\/pages\/33\/revisions\/197"}],"wp:attachment":[{"href":"https:\/\/solredmansis.com.mx\/index.php\/wp-json\/wp\/v2\/media?parent=33"}],"curies":[{"name":"wp","href":"https:\/\/api.w.org\/{rel}","templated":true}]}}