{"id":20,"date":"2024-11-06T17:45:29","date_gmt":"2024-11-06T17:45:29","guid":{"rendered":"https:\/\/solredmansis.com.mx\/?page_id=20"},"modified":"2024-11-11T18:01:40","modified_gmt":"2024-11-11T18:01:40","slug":"redes","status":"publish","type":"page","link":"https:\/\/solredmansis.com.mx\/index.php\/redes\/","title":{"rendered":"Redes"},"content":{"rendered":"\n<div class=\"wp-block-stackable-columns stk-block-columns stk-block stk-69426c1\" data-block-id=\"69426c1\"><style>.stk-69426c1 {padding-top:80px !important;padding-bottom:80px !important;margin-bottom:16px !important;}<\/style><div class=\"stk-row stk-inner-blocks stk-block-content stk-content-align stk-69426c1-column\">\n<div class=\"wp-block-stackable-column stk-block-column stk-column stk-block stk-96c92b6\" data-v=\"4\" data-block-id=\"96c92b6\"><div class=\"stk-column-wrapper stk-block-column__content stk-container stk-96c92b6-container stk--no-background stk--no-padding\"><div class=\"stk-block-content stk-inner-blocks stk-96c92b6-inner-blocks\">\n<div class=\"wp-block-stackable-heading stk-block-heading stk-block-heading--v2 stk-block stk-1b25b95\" id=\"creamos-estrategias-en-redes-para-incrementar-las-ventas-para-tu-negocio\" data-block-id=\"1b25b95\"><style>.stk-1b25b95 .stk-block-heading__text{color:#00d084 !important;}<\/style><h4 class=\"stk-block-heading__text has-text-color has-text-align-center\">Creamos estrategias en Redes para Incrementar las Ventas para tu Negocio<\/h4><\/div>\n\n\n\n<div class=\"wp-block-stackable-columns stk-block-columns stk-block stk-40a0c85\" data-block-id=\"40a0c85\"><div class=\"stk-row stk-inner-blocks stk-block-content stk-content-align stk-40a0c85-column\">\n<div class=\"wp-block-stackable-column stk-block-column stk-column stk-block stk-d122651\" data-v=\"4\" data-block-id=\"d122651\"><style>@media screen and (min-width:690px) and (max-width:999px){.stk-d122651 {flex:var(--stk-flex-grow, 1) 1 calc(50% - var(--stk-column-gap, 0px) * 1 \/ 2 ) !important;}}<\/style><div class=\"stk-column-wrapper stk-block-column__content stk-container stk-d122651-container stk--no-background stk--no-padding\"><div class=\"stk-block-content stk-inner-blocks stk-d122651-inner-blocks\">\n<div class=\"wp-block-stackable-card stk-block-card stk-block stk-cdfb890 is-style-default\" data-v=\"2\" data-block-id=\"cdfb890\"><div class=\"stk--no-padding stk-container stk-cdfb890-container stk-hover-parent\"><figure class=\"stk-block-card__image stk-img-wrapper stk-image--shape-stretch\"><img loading=\"lazy\" decoding=\"async\" class=\"stk-img wp-image-155\" src=\"https:\/\/solredmansis.com.mx\/wp-content\/uploads\/2024\/11\/Cableado-UTP.jpg\" width=\"767\" height=\"300\" srcset=\"https:\/\/solredmansis.com.mx\/wp-content\/uploads\/2024\/11\/Cableado-UTP.jpg 767w, https:\/\/solredmansis.com.mx\/wp-content\/uploads\/2024\/11\/Cableado-UTP-600x235.jpg 600w, https:\/\/solredmansis.com.mx\/wp-content\/uploads\/2024\/11\/Cableado-UTP-300x117.jpg 300w\" sizes=\"auto, (max-width: 767px) 100vw, 767px\" \/><\/figure><div class=\"stk-container-padding stk-block-card__content\"><div class=\"stk-block-content stk-inner-blocks stk-cdfb890-inner-blocks\">\n<div class=\"wp-block-stackable-heading stk-block-heading stk-block-heading--v2 stk-block stk-4f7a8c0\" id=\"em-cable-utp-em\" data-block-id=\"4f7a8c0\"><style>.stk-4f7a8c0 .stk-block-heading__text{color:#00d084 !important;}<\/style><h4 class=\"stk-block-heading__text has-text-color\"><em>Cable UTP<\/em><\/h4><\/div>\n\n\n\n<div class=\"wp-block-stackable-text stk-block-text stk-block stk-45561b6\" data-block-id=\"45561b6\"><p class=\"stk-block-text__text\"><em>Dise\u00f1amos y realizamos la instalaci\u00f3n de sistemas de cableado estructurado que garantizan el correcto funcionamiento y la eficiencia de su red. Cat 5e, 6 7, FTP etc.<\/em><\/p><\/div>\n<\/div><\/div><\/div><\/div>\n<\/div><\/div><\/div>\n\n\n\n<div class=\"wp-block-stackable-column stk-block-column stk-column stk-block stk-a31b11a\" data-v=\"4\" data-block-id=\"a31b11a\"><style>@media screen and (min-width:690px) and (max-width:999px){.stk-a31b11a {flex:var(--stk-flex-grow, 1) 1 calc(50% - var(--stk-column-gap, 0px) * 1 \/ 2 ) !important;}}<\/style><div class=\"stk-column-wrapper stk-block-column__content stk-container stk-a31b11a-container stk--no-background stk--no-padding\"><div class=\"stk-block-content stk-inner-blocks stk-a31b11a-inner-blocks\">\n<div class=\"wp-block-stackable-card stk-block-card stk-block stk-2627ea6 is-style-default\" data-v=\"2\" data-block-id=\"2627ea6\"><div class=\"stk--no-padding stk-container stk-2627ea6-container stk-hover-parent\"><figure class=\"stk-block-card__image stk-img-wrapper stk-image--shape-stretch\"><img loading=\"lazy\" decoding=\"async\" class=\"stk-img wp-image-156\" src=\"https:\/\/solredmansis.com.mx\/wp-content\/uploads\/2024\/11\/Fibra-Optica-2.jpg\" width=\"767\" height=\"300\" srcset=\"https:\/\/solredmansis.com.mx\/wp-content\/uploads\/2024\/11\/Fibra-Optica-2.jpg 767w, https:\/\/solredmansis.com.mx\/wp-content\/uploads\/2024\/11\/Fibra-Optica-2-600x235.jpg 600w, https:\/\/solredmansis.com.mx\/wp-content\/uploads\/2024\/11\/Fibra-Optica-2-300x117.jpg 300w\" sizes=\"auto, (max-width: 767px) 100vw, 767px\" \/><\/figure><div class=\"stk-container-padding stk-block-card__content\"><div class=\"stk-block-content stk-inner-blocks stk-2627ea6-inner-blocks\">\n<div class=\"wp-block-stackable-heading stk-block-heading stk-block-heading--v2 stk-block stk-bdc7628\" id=\"em-fibra-optica-em\" data-block-id=\"bdc7628\"><style>.stk-bdc7628 .stk-block-heading__text{color:#00d084 !important;}<\/style><h4 class=\"stk-block-heading__text has-text-color\"><em>Fibra Optica<\/em><\/h4><\/div>\n\n\n\n<div class=\"wp-block-stackable-text stk-block-text stk-block stk-3d03a99\" data-block-id=\"3d03a99\"><p class=\"stk-block-text__text\"><em>Ofrecemos soluciones de fibra \u00f3ptica de alta velocidad y conexi\u00f3n estable, ideales para empresas que necesitan gran ancho de banda y comunicaci\u00f3n ininterrumpida.<\/em><\/p><\/div>\n<\/div><\/div><\/div><\/div>\n<\/div><\/div><\/div>\n\n\n\n<div class=\"wp-block-stackable-column stk-block-column stk-column stk-block stk-73a64c0\" data-v=\"4\" data-block-id=\"73a64c0\"><style>@media screen and (min-width:690px) and (max-width:999px){.stk-73a64c0 {flex:var(--stk-flex-grow, 1) 1 calc(100% - var(--stk-column-gap, 0px) * 0 \/ 1 ) !important;}}<\/style><div class=\"stk-column-wrapper stk-block-column__content stk-container stk-73a64c0-container stk--no-background stk--no-padding\"><div class=\"stk-block-content stk-inner-blocks stk-73a64c0-inner-blocks\">\n<div class=\"wp-block-stackable-card stk-block-card stk-block stk-295c105 is-style-default\" data-v=\"2\" data-block-id=\"295c105\"><div class=\"stk--no-padding stk-container stk-295c105-container stk-hover-parent\"><figure class=\"stk-block-card__image stk-img-wrapper stk-image--shape-stretch\"><img loading=\"lazy\" decoding=\"async\" class=\"stk-img wp-image-157\" src=\"https:\/\/solredmansis.com.mx\/wp-content\/uploads\/2024\/11\/swiches.jpg\" width=\"767\" height=\"300\" srcset=\"https:\/\/solredmansis.com.mx\/wp-content\/uploads\/2024\/11\/swiches.jpg 767w, https:\/\/solredmansis.com.mx\/wp-content\/uploads\/2024\/11\/swiches-600x235.jpg 600w, https:\/\/solredmansis.com.mx\/wp-content\/uploads\/2024\/11\/swiches-300x117.jpg 300w\" sizes=\"auto, (max-width: 767px) 100vw, 767px\" \/><\/figure><div class=\"stk-container-padding stk-block-card__content\"><div class=\"stk-block-content stk-inner-blocks stk-295c105-inner-blocks\">\n<div class=\"wp-block-stackable-heading stk-block-heading stk-block-heading--v2 stk-block stk-6ad4a09\" id=\"em-switching-y-routing-em\" data-block-id=\"6ad4a09\"><style>.stk-6ad4a09 .stk-block-heading__text{color:#00d084 !important;}<\/style><h4 class=\"stk-block-heading__text has-text-color\"><em>Switching y Routing<\/em><\/h4><\/div>\n\n\n\n<div class=\"wp-block-stackable-text stk-block-text stk-block stk-01d10a7\" data-block-id=\"01d10a7\"><p class=\"stk-block-text__text\"><em>Firewall, VPN, PoE, red IP, configuraci\u00f3n y venta de equipos especializados para una amplia gama de necesidades de conectividad empresarial, seguridad y multisitio.<\/em><\/p><\/div>\n<\/div><\/div><\/div><\/div>\n<\/div><\/div><\/div>\n<\/div><\/div>\n<\/div><\/div><\/div>\n<\/div><\/div>\n\n\n\n<div class=\"wp-block-stackable-columns stk-block-columns stk-block stk-be29dbf\" data-block-id=\"be29dbf\"><style>.stk-be29dbf {padding-top:80px !important;padding-bottom:80px !important;margin-bottom:0px !important;}<\/style><div class=\"stk-row stk-inner-blocks stk-block-content stk-content-align stk-be29dbf-column\">\n<div class=\"wp-block-stackable-column stk-block-column stk-column stk-block stk-d7241bc\" data-v=\"4\" data-block-id=\"d7241bc\"><div class=\"stk-column-wrapper stk-block-column__content stk-container stk-d7241bc-container stk--no-background stk--no-padding\"><div class=\"stk-block-content stk-inner-blocks stk-d7241bc-inner-blocks\">\n<div class=\"wp-block-stackable-columns stk-block-columns stk-block stk-037200b\" data-block-id=\"037200b\"><div class=\"stk-row stk-inner-blocks stk-block-content stk-content-align stk-037200b-column\">\n<div class=\"wp-block-stackable-column stk-block-column stk-column stk-block stk-8d8ed9d\" data-v=\"4\" data-block-id=\"8d8ed9d\"><style>@media screen and (min-width:690px) and (max-width:999px){.stk-8d8ed9d {flex:var(--stk-flex-grow, 1) 1 calc(50% - var(--stk-column-gap, 0px) * 1 \/ 2 ) !important;}}<\/style><div class=\"stk-column-wrapper stk-block-column__content stk-container stk-8d8ed9d-container stk--no-background stk--no-padding\"><div class=\"stk-block-content stk-inner-blocks stk-8d8ed9d-inner-blocks\">\n<div class=\"wp-block-stackable-card stk-block-card stk-block stk-7326df7 is-style-default\" data-v=\"2\" data-block-id=\"7326df7\"><div class=\"stk--no-padding stk-container stk-7326df7-container stk-hover-parent\"><figure class=\"stk-block-card__image stk-img-wrapper stk-image--shape-stretch\"><img loading=\"lazy\" decoding=\"async\" class=\"stk-img wp-image-158\" src=\"https:\/\/solredmansis.com.mx\/wp-content\/uploads\/2024\/11\/redeswifi.jpg\" width=\"767\" height=\"300\" srcset=\"https:\/\/solredmansis.com.mx\/wp-content\/uploads\/2024\/11\/redeswifi.jpg 767w, https:\/\/solredmansis.com.mx\/wp-content\/uploads\/2024\/11\/redeswifi-600x235.jpg 600w, https:\/\/solredmansis.com.mx\/wp-content\/uploads\/2024\/11\/redeswifi-300x117.jpg 300w\" sizes=\"auto, (max-width: 767px) 100vw, 767px\" \/><\/figure><div class=\"stk-container-padding stk-block-card__content\"><div class=\"stk-block-content stk-inner-blocks stk-7326df7-inner-blocks\">\n<div class=\"wp-block-stackable-heading stk-block-heading stk-block-heading--v2 stk-block stk-84a0cd5\" id=\"em-redes-wi-fi-em\" data-block-id=\"84a0cd5\"><style>.stk-84a0cd5 .stk-block-heading__text{color:#00d084 !important;}<\/style><h4 class=\"stk-block-heading__text has-text-color\"><em>Redes WiFi<\/em><\/h4><\/div>\n\n\n\n<div class=\"wp-block-stackable-text stk-block-text stk-block stk-3c78628\" data-block-id=\"3c78628\"><p class=\"stk-block-text__text\"><em>Desarrollo de redes WiFi empresariales con tecnolog\u00edas actuales como WiFi 5, 6 y Mesh. Monitoreo avanzado de uso de red y usuarios, y administraci\u00f3n en la nube.<\/em><\/p><\/div>\n<\/div><\/div><\/div><\/div>\n<\/div><\/div><\/div>\n\n\n\n<div class=\"wp-block-stackable-column stk-block-column stk-column stk-block stk-1827532\" data-v=\"4\" data-block-id=\"1827532\"><style>@media screen and (min-width:690px) and (max-width:999px){.stk-1827532 {flex:var(--stk-flex-grow, 1) 1 calc(50% - var(--stk-column-gap, 0px) * 1 \/ 2 ) !important;}}<\/style><div class=\"stk-column-wrapper stk-block-column__content stk-container stk-1827532-container stk--no-background stk--no-padding\"><div class=\"stk-block-content stk-inner-blocks stk-1827532-inner-blocks\">\n<div class=\"wp-block-stackable-card stk-block-card stk-block stk-d70cfd6 is-style-default\" data-v=\"2\" data-block-id=\"d70cfd6\"><div class=\"stk--no-padding stk-container stk-d70cfd6-container stk-hover-parent\"><figure class=\"stk-block-card__image stk-img-wrapper stk-image--shape-stretch\"><img loading=\"lazy\" decoding=\"async\" class=\"stk-img wp-image-159\" src=\"https:\/\/solredmansis.com.mx\/wp-content\/uploads\/2024\/11\/Peinado-e-identificado.jpg\" width=\"767\" height=\"300\" srcset=\"https:\/\/solredmansis.com.mx\/wp-content\/uploads\/2024\/11\/Peinado-e-identificado.jpg 767w, https:\/\/solredmansis.com.mx\/wp-content\/uploads\/2024\/11\/Peinado-e-identificado-600x235.jpg 600w, https:\/\/solredmansis.com.mx\/wp-content\/uploads\/2024\/11\/Peinado-e-identificado-300x117.jpg 300w\" sizes=\"auto, (max-width: 767px) 100vw, 767px\" \/><\/figure><div class=\"stk-container-padding stk-block-card__content\"><div class=\"stk-block-content stk-inner-blocks stk-d70cfd6-inner-blocks\">\n<div class=\"wp-block-stackable-heading stk-block-heading stk-block-heading--v2 stk-block stk-f10f568\" id=\"em-peinado-e-identificado-em\" data-block-id=\"f10f568\"><style>.stk-f10f568 .stk-block-heading__text{color:#00d084 !important;}<\/style><h4 class=\"stk-block-heading__text has-text-color\"><em>Peinado e Identificado<\/em><\/h4><\/div>\n\n\n\n<div class=\"wp-block-stackable-text stk-block-text stk-block stk-8e6b7b9\" data-block-id=\"8e6b7b9\"><p class=\"stk-block-text__text\"><em>Mejorando la eficiencia y facilitando la resoluci\u00f3n de problemas. Asigna etiquetas \u00fanicas a dispositivos y segmentos, asegurando una gesti\u00f3n segura y controlada.<\/em><\/p><\/div>\n<\/div><\/div><\/div><\/div>\n<\/div><\/div><\/div>\n\n\n\n<div class=\"wp-block-stackable-column stk-block-column stk-column stk-block stk-29c217f\" data-v=\"4\" data-block-id=\"29c217f\"><style>@media screen and (min-width:690px) and (max-width:999px){.stk-29c217f {flex:var(--stk-flex-grow, 1) 1 calc(100% - var(--stk-column-gap, 0px) * 0 \/ 1 ) !important;}}<\/style><div class=\"stk-column-wrapper stk-block-column__content stk-container stk-29c217f-container stk--no-background stk--no-padding\"><div class=\"stk-block-content stk-inner-blocks stk-29c217f-inner-blocks\">\n<div class=\"wp-block-stackable-card stk-block-card stk-block stk-25d064f is-style-default\" data-v=\"2\" data-block-id=\"25d064f\"><style>.stk-25d064f .stk-block-card__image{height:300px !important;}<\/style><div class=\"stk--no-padding stk-container stk-25d064f-container stk-hover-parent\"><figure class=\"stk-block-card__image stk-img-wrapper stk-image--shape-stretch\"><img loading=\"lazy\" decoding=\"async\" class=\"stk-img wp-image-160\" src=\"https:\/\/solredmansis.com.mx\/wp-content\/uploads\/2024\/11\/Canalizacion-y-Racks.jpg\" width=\"767\" height=\"300\" srcset=\"https:\/\/solredmansis.com.mx\/wp-content\/uploads\/2024\/11\/Canalizacion-y-Racks.jpg 767w, https:\/\/solredmansis.com.mx\/wp-content\/uploads\/2024\/11\/Canalizacion-y-Racks-600x235.jpg 600w, https:\/\/solredmansis.com.mx\/wp-content\/uploads\/2024\/11\/Canalizacion-y-Racks-300x117.jpg 300w\" sizes=\"auto, (max-width: 767px) 100vw, 767px\" \/><\/figure><div class=\"stk-container-padding stk-block-card__content\"><div class=\"stk-block-content stk-inner-blocks stk-25d064f-inner-blocks\">\n<div class=\"wp-block-stackable-heading stk-block-heading stk-block-heading--v2 stk-block stk-b254d5d\" id=\"em-canalizacion-y-racks-em\" data-block-id=\"b254d5d\"><style>.stk-b254d5d .stk-block-heading__text{color:#00d084 !important;}<\/style><h4 class=\"stk-block-heading__text has-text-color\"><em>Canalizaci\u00f3n y Racks<\/em><\/h4><\/div>\n\n\n\n<div class=\"wp-block-stackable-text stk-block-text stk-block stk-7273f5a\" data-block-id=\"7273f5a\"><p class=\"stk-block-text__text\"><em>Organizar y proteger el cableado de red, optimizando el espacio y facilitando el mantenimiento. Esto asegura una red ordenada, segura y eficiente.<\/em><\/p><\/div>\n<\/div><\/div><\/div><\/div>\n<\/div><\/div><\/div>\n<\/div><\/div>\n<\/div><\/div><\/div>\n<\/div><\/div>\n","protected":false},"excerpt":{"rendered":"<p>Creamos estrategias en Redes para Incrementar las Ventas para tu Negocio Cable UTP Dise\u00f1amos y realizamos la instalaci\u00f3n de sistemas de cableado estructurado que garantizan el correcto funcionamiento y la eficiencia de su red. Cat 5e, 6 7, FTP etc. Fibra Optica Ofrecemos soluciones de fibra \u00f3ptica de alta velocidad y conexi\u00f3n estable, ideales para [&hellip;]<\/p>\n","protected":false},"author":1,"featured_media":0,"parent":0,"menu_order":0,"comment_status":"closed","ping_status":"closed","template":"","meta":{"footnotes":""},"class_list":["post-20","page","type-page","status-publish","hentry"],"blocksy_meta":{"has_hero_section":"disabled","styles_descriptor":{"styles":{"desktop":"","tablet":"","mobile":""},"google_fonts":[],"version":6},"vertical_spacing_source":"custom","content_area_spacing":"none"},"_links":{"self":[{"href":"https:\/\/solredmansis.com.mx\/index.php\/wp-json\/wp\/v2\/pages\/20","targetHints":{"allow":["GET"]}}],"collection":[{"href":"https:\/\/solredmansis.com.mx\/index.php\/wp-json\/wp\/v2\/pages"}],"about":[{"href":"https:\/\/solredmansis.com.mx\/index.php\/wp-json\/wp\/v2\/types\/page"}],"author":[{"embeddable":true,"href":"https:\/\/solredmansis.com.mx\/index.php\/wp-json\/wp\/v2\/users\/1"}],"replies":[{"embeddable":true,"href":"https:\/\/solredmansis.com.mx\/index.php\/wp-json\/wp\/v2\/comments?post=20"}],"version-history":[{"count":22,"href":"https:\/\/solredmansis.com.mx\/index.php\/wp-json\/wp\/v2\/pages\/20\/revisions"}],"predecessor-version":[{"id":172,"href":"https:\/\/solredmansis.com.mx\/index.php\/wp-json\/wp\/v2\/pages\/20\/revisions\/172"}],"wp:attachment":[{"href":"https:\/\/solredmansis.com.mx\/index.php\/wp-json\/wp\/v2\/media?parent=20"}],"curies":[{"name":"wp","href":"https:\/\/api.w.org\/{rel}","templated":true}]}}