{"id":18,"date":"2024-11-06T17:45:29","date_gmt":"2024-11-06T17:45:29","guid":{"rendered":"https:\/\/solredmansis.com.mx\/?page_id=18"},"modified":"2024-11-12T17:13:45","modified_gmt":"2024-11-12T17:13:45","slug":"portafolio","status":"publish","type":"page","link":"https:\/\/solredmansis.com.mx\/index.php\/portafolio\/","title":{"rendered":"Portafolio"},"content":{"rendered":"\n<div class=\"wp-block-stackable-columns stk-block-columns stk-block stk-a795a0f\" data-block-id=\"a795a0f\"><style>.stk-a795a0f {padding-top:80px !important;padding-bottom:80px !important;}<\/style><div class=\"stk-row stk-inner-blocks stk-block-content stk-content-align stk-a795a0f-column\">\n<div class=\"wp-block-stackable-column stk-block-column stk-column stk-block stk-6f195c2\" data-v=\"4\" data-block-id=\"6f195c2\"><div class=\"stk-column-wrapper stk-block-column__content stk-container stk-6f195c2-container stk--no-background stk--no-padding\"><div class=\"stk-block-content stk-inner-blocks stk-6f195c2-inner-blocks\">\n<div class=\"wp-block-stackable-subtitle stk-block-subtitle stk-block stk-843b58d\" data-block-id=\"843b58d\"><style>.stk-843b58d .stk-block-subtitle__text{font-size:40px !important;color:#006441 !important;}@media screen and (max-width:999px){.stk-843b58d .stk-block-subtitle__text{font-size:40px !important;}}<\/style><p class=\"stk-block-subtitle__text stk-subtitle has-text-color has-text-align-center\"><strong><span style=\"color: #002b1c;\" class=\"stk-highlight\">Desarrollo de proyectos especializados<\/span><\/strong><\/p><\/div>\n\n\n\n<figure class=\"wp-block-image alignfull size-full\"><img loading=\"lazy\" decoding=\"async\" width=\"648\" height=\"462\" src=\"https:\/\/solredmansis.com.mx\/wp-content\/uploads\/2024\/11\/image-16.png\" alt=\"\" class=\"wp-image-203\" srcset=\"https:\/\/solredmansis.com.mx\/wp-content\/uploads\/2024\/11\/image-16.png 648w, https:\/\/solredmansis.com.mx\/wp-content\/uploads\/2024\/11\/image-16-600x428.png 600w, https:\/\/solredmansis.com.mx\/wp-content\/uploads\/2024\/11\/image-16-300x214.png 300w\" sizes=\"auto, (max-width: 648px) 100vw, 648px\" \/><\/figure>\n\n\n\n<div class=\"wp-block-stackable-heading stk-block-heading stk-block-heading--v2 stk-block stk-f12d2c0\" id=\"implementamos-redes-de-datos-que-combinan-areas-de-especializacion-de-ultima-tecnologia-brindamos-soluciones-personalizadas-de-la-mano-con-marcas-certificadas-de-alta-calidad-lideres-en-el-marcado\" data-block-id=\"f12d2c0\"><style>.stk-f12d2c0 {margin-bottom:48px !important;}.stk-f12d2c0 .stk-block-heading__text{color:#00472c !important;}<\/style><h2 class=\"stk-block-heading__text has-text-color has-text-align-center\">Implementamos redes de datos que combinan \u00e1reas de especializaci\u00f3n de ultima tecnologia, brindamos soluciones personalizadas de la mano con marcas certificadas de alta calidad lideres en el marcado.<\/h2><\/div>\n\n\n\n<div class=\"wp-block-stackable-columns stk-block-columns stk-block stk-c3f6931\" data-block-id=\"c3f6931\"><div class=\"stk-row stk-inner-blocks stk-block-content stk-content-align stk-c3f6931-column\">\n<div class=\"wp-block-stackable-column stk-block-column stk-column stk-block stk-8d6ac6e\" data-v=\"4\" data-block-id=\"8d6ac6e\"><div class=\"stk-column-wrapper stk-block-column__content stk-container stk-8d6ac6e-container stk--no-background stk--no-padding\"><div class=\"stk-block-content stk-inner-blocks stk-8d6ac6e-inner-blocks\">\n<div class=\"wp-block-stackable-icon-box stk-block-icon-box stk-block stk-b623dba\" data-v=\"2\" data-block-id=\"b623dba\"><div class=\"stk-block-content stk-inner-blocks stk-block-icon-box__content stk-container stk-b623dba-container stk--no-background stk--no-padding\">\n<div class=\"wp-block-stackable-icon-label stk-block-icon-label stk-block stk-dea9707\" data-block-id=\"dea9707\"><div class=\"stk-row stk-inner-blocks stk-block-content\">\n<div class=\"wp-block-stackable-icon stk-block-icon has-text-align-left stk-block stk-c12394b\" data-block-id=\"c12394b\"><span class=\"stk--svg-wrapper\"><div class=\"stk--inner-svg\"><svg style=\"height:0;width:0\"><defs><linearGradient id=\"linear-gradient-c12394b\" x1=\"0\" x2=\"100%\" y1=\"0\" y2=\"0\"><stop offset=\"0%\" style=\"stop-opacity:1;stop-color:var(--linear-gradient-c-12394-b-color-1)\"><\/stop><stop offset=\"100%\" style=\"stop-opacity:1;stop-color:var(--linear-gradient-c-12394-b-color-2)\"><\/stop><\/linearGradient><\/defs><\/svg><svg data-prefix=\"fa\" data-icon=\"star\" class=\"svg-inline--fa fa-star fa-w-18\" xmlns=\"http:\/\/www.w3.org\/2000\/svg\" viewBox=\"0 0 576 512\" aria-hidden=\"true\" width=\"32\" height=\"32\"><path fill=\"currentColor\" d=\"M259.3 17.8L194 150.2 47.9 171.5c-26.2 3.8-36.7 36.1-17.7 54.6l105.7 103-25 145.5c-4.5 26.3 23.2 46 46.4 33.7L288 439.6l130.7 68.7c23.2 12.2 50.9-7.4 46.4-33.7l-25-145.5 105.7-103c19-18.5 8.5-50.8-17.7-54.6L382 150.2 316.7 17.8c-11.7-23.6-45.6-23.9-57.4 0z\"><\/path><\/svg><\/div><\/span><\/div>\n\n\n\n<div class=\"wp-block-stackable-heading stk-block-heading stk-block-heading--v2 stk-block stk-8409b39\" id=\"identificamos\" data-block-id=\"8409b39\"><style>.stk-8409b39 .stk-block-heading__text{color:#00d084 !important;}<\/style><h4 class=\"stk-block-heading__text has-text-color\">Identificamos<\/h4><\/div>\n<\/div><\/div>\n\n\n\n<div class=\"wp-block-stackable-text stk-block-text stk-block stk-4f8769e\" data-block-id=\"4f8769e\"><p class=\"stk-block-text__text\">Se interact\u00faa con todas el Personal Involucrado para poder definir los Procedimientos <\/p><\/div>\n<\/div><\/div>\n<\/div><\/div><\/div>\n\n\n\n<div class=\"wp-block-stackable-column stk-block-column stk-column stk-block stk-cf29413\" data-v=\"4\" data-block-id=\"cf29413\"><div class=\"stk-column-wrapper stk-block-column__content stk-container stk-cf29413-container stk--no-background stk--no-padding\"><div class=\"stk-block-content stk-inner-blocks stk-cf29413-inner-blocks\">\n<div class=\"wp-block-stackable-icon-box stk-block-icon-box stk-block stk-a736ca6\" data-v=\"2\" data-block-id=\"a736ca6\"><div class=\"stk-block-content stk-inner-blocks stk-block-icon-box__content stk-container stk-a736ca6-container stk--no-background stk--no-padding\">\n<div class=\"wp-block-stackable-icon-label stk-block-icon-label stk-block stk-1cca738\" data-block-id=\"1cca738\"><div class=\"stk-row stk-inner-blocks stk-block-content\">\n<div class=\"wp-block-stackable-icon stk-block-icon has-text-align-left stk-block stk-38961ef\" data-block-id=\"38961ef\"><span class=\"stk--svg-wrapper\"><div class=\"stk--inner-svg\"><svg style=\"height:0;width:0\"><defs><linearGradient id=\"linear-gradient-38961ef\" x1=\"0\" x2=\"100%\" y1=\"0\" y2=\"0\"><stop offset=\"0%\" style=\"stop-opacity:1;stop-color:var(--linear-gradient-38961-ef-color-1)\"><\/stop><stop offset=\"100%\" style=\"stop-opacity:1;stop-color:var(--linear-gradient-38961-ef-color-2)\"><\/stop><\/linearGradient><\/defs><\/svg><svg data-prefix=\"fa\" data-icon=\"star\" class=\"svg-inline--fa fa-star fa-w-18\" xmlns=\"http:\/\/www.w3.org\/2000\/svg\" viewBox=\"0 0 576 512\" aria-hidden=\"true\" width=\"32\" height=\"32\"><path fill=\"currentColor\" d=\"M259.3 17.8L194 150.2 47.9 171.5c-26.2 3.8-36.7 36.1-17.7 54.6l105.7 103-25 145.5c-4.5 26.3 23.2 46 46.4 33.7L288 439.6l130.7 68.7c23.2 12.2 50.9-7.4 46.4-33.7l-25-145.5 105.7-103c19-18.5 8.5-50.8-17.7-54.6L382 150.2 316.7 17.8c-11.7-23.6-45.6-23.9-57.4 0z\"><\/path><\/svg><\/div><\/span><\/div>\n\n\n\n<div class=\"wp-block-stackable-heading stk-block-heading stk-block-heading--v2 stk-block stk-7d4f39b\" id=\"disenamos\" data-block-id=\"7d4f39b\"><style>.stk-7d4f39b .stk-block-heading__text{color:#00d084 !important;}<\/style><h4 class=\"stk-block-heading__text has-text-color\">Dise\u00f1amos<\/h4><\/div>\n<\/div><\/div>\n\n\n\n<div class=\"wp-block-stackable-text stk-block-text stk-block stk-5eb6b8f\" data-block-id=\"5eb6b8f\"><p class=\"stk-block-text__text\">Se Efect\u00faa Nuevamente el Proceso<\/p><\/div>\n<\/div><\/div>\n<\/div><\/div><\/div>\n\n\n\n<div class=\"wp-block-stackable-column stk-block-column stk-column stk-block stk-0e0898f\" data-v=\"4\" data-block-id=\"0e0898f\"><div class=\"stk-column-wrapper stk-block-column__content stk-container stk-0e0898f-container stk--no-background stk--no-padding\"><div class=\"stk-block-content stk-inner-blocks stk-0e0898f-inner-blocks\">\n<div class=\"wp-block-stackable-icon-box stk-block-icon-box stk-block stk-be70efd\" data-v=\"2\" data-block-id=\"be70efd\"><div class=\"stk-block-content stk-inner-blocks stk-block-icon-box__content stk-container stk-be70efd-container stk--no-background stk--no-padding\">\n<div class=\"wp-block-stackable-icon-label stk-block-icon-label stk-block stk-28db9fe\" data-block-id=\"28db9fe\"><div class=\"stk-row stk-inner-blocks stk-block-content\">\n<div class=\"wp-block-stackable-icon stk-block-icon has-text-align-left stk-block stk-edc4b97\" data-block-id=\"edc4b97\"><span class=\"stk--svg-wrapper\"><div class=\"stk--inner-svg\"><svg style=\"height:0;width:0\"><defs><linearGradient id=\"linear-gradient-edc4b97\" x1=\"0\" x2=\"100%\" y1=\"0\" y2=\"0\"><stop offset=\"0%\" style=\"stop-opacity:1;stop-color:var(--linear-gradient-edc-4-b-97-color-1)\"><\/stop><stop offset=\"100%\" style=\"stop-opacity:1;stop-color:var(--linear-gradient-edc-4-b-97-color-2)\"><\/stop><\/linearGradient><\/defs><\/svg><svg data-prefix=\"fa\" data-icon=\"star\" class=\"svg-inline--fa fa-star fa-w-18\" xmlns=\"http:\/\/www.w3.org\/2000\/svg\" viewBox=\"0 0 576 512\" aria-hidden=\"true\" width=\"32\" height=\"32\"><path fill=\"currentColor\" d=\"M259.3 17.8L194 150.2 47.9 171.5c-26.2 3.8-36.7 36.1-17.7 54.6l105.7 103-25 145.5c-4.5 26.3 23.2 46 46.4 33.7L288 439.6l130.7 68.7c23.2 12.2 50.9-7.4 46.4-33.7l-25-145.5 105.7-103c19-18.5 8.5-50.8-17.7-54.6L382 150.2 316.7 17.8c-11.7-23.6-45.6-23.9-57.4 0z\"><\/path><\/svg><\/div><\/span><\/div>\n\n\n\n<div class=\"wp-block-stackable-heading stk-block-heading stk-block-heading--v2 stk-block stk-7da78d1\" id=\"proponemos\" data-block-id=\"7da78d1\"><style>.stk-7da78d1 .stk-block-heading__text{color:#00d084 !important;}<\/style><h4 class=\"stk-block-heading__text has-text-color\">Proponemos<\/h4><\/div>\n<\/div><\/div>\n\n\n\n<div class=\"wp-block-stackable-text stk-block-text stk-block stk-4cabf15\" data-block-id=\"4cabf15\"><p class=\"stk-block-text__text\">Manejamos Alternativas con el cual seria la conveniente para  trabajar<\/p><\/div>\n<\/div><\/div>\n<\/div><\/div><\/div>\n<\/div><\/div>\n\n\n\n<div class=\"wp-block-stackable-columns stk-block-columns stk-block stk-35ccce9\" data-block-id=\"35ccce9\"><div class=\"stk-row stk-inner-blocks stk-block-content stk-content-align stk-35ccce9-column\">\n<div class=\"wp-block-stackable-column stk-block-column stk-column stk-block stk-1a13de8\" data-v=\"4\" data-block-id=\"1a13de8\"><div class=\"stk-column-wrapper stk-block-column__content stk-container stk-1a13de8-container stk--no-background stk--no-padding\"><div class=\"stk-block-content stk-inner-blocks stk-1a13de8-inner-blocks\">\n<div class=\"wp-block-stackable-icon-box stk-block-icon-box stk-block stk-da25e84\" data-v=\"2\" data-block-id=\"da25e84\"><div class=\"stk-block-content stk-inner-blocks stk-block-icon-box__content stk-container stk-da25e84-container stk--no-background stk--no-padding\">\n<div class=\"wp-block-stackable-icon-label stk-block-icon-label stk-block stk-70dd0d7\" data-block-id=\"70dd0d7\"><div class=\"stk-row stk-inner-blocks stk-block-content\">\n<div class=\"wp-block-stackable-icon stk-block-icon has-text-align-left stk-block stk-d3cab4b\" data-block-id=\"d3cab4b\"><\/div>\n\n\n\n<div class=\"wp-block-stackable-heading stk-block-heading stk-block-heading--v2 stk-block stk-c85d8a4\" data-block-id=\"c85d8a4\"><h4 class=\"stk-block-heading__text\"><\/h4><\/div>\n<\/div><\/div>\n\n\n\n<div class=\"wp-block-stackable-text stk-block-text stk-block stk-993d4a4\" data-block-id=\"993d4a4\"><p class=\"stk-block-text__text\"><\/p><\/div>\n<\/div><\/div>\n<\/div><\/div><\/div>\n\n\n\n<div class=\"wp-block-stackable-column stk-block-column stk-column stk-block stk-94299ea\" data-v=\"4\" data-block-id=\"94299ea\"><div class=\"stk-column-wrapper stk-block-column__content stk-container stk-94299ea-container stk--no-background stk--no-padding\"><div class=\"stk-block-content stk-inner-blocks stk-94299ea-inner-blocks\">\n<div class=\"wp-block-stackable-icon-box stk-block-icon-box stk-block stk-6532ed2\" data-v=\"2\" data-block-id=\"6532ed2\"><div class=\"stk-block-content stk-inner-blocks stk-block-icon-box__content stk-container stk-6532ed2-container stk--no-background stk--no-padding\">\n<div class=\"wp-block-stackable-icon-label stk-block-icon-label stk-block stk-f4bf89c\" data-block-id=\"f4bf89c\"><div class=\"stk-row stk-inner-blocks stk-block-content\">\n<div class=\"wp-block-stackable-icon stk-block-icon has-text-align-left stk-block stk-1ce881b\" data-block-id=\"1ce881b\"><span class=\"stk--svg-wrapper\"><div class=\"stk--inner-svg\"><svg style=\"height:0;width:0\"><defs><linearGradient id=\"linear-gradient-1ce881b\" x1=\"0\" x2=\"100%\" y1=\"0\" y2=\"0\"><stop offset=\"0%\" style=\"stop-opacity:1;stop-color:var(--linear-gradient-1-ce-881-b-color-1)\"><\/stop><stop offset=\"100%\" style=\"stop-opacity:1;stop-color:var(--linear-gradient-1-ce-881-b-color-2)\"><\/stop><\/linearGradient><\/defs><\/svg><svg data-prefix=\"fa\" data-icon=\"star\" class=\"svg-inline--fa fa-star fa-w-18\" xmlns=\"http:\/\/www.w3.org\/2000\/svg\" viewBox=\"0 0 576 512\" aria-hidden=\"true\" width=\"32\" height=\"32\"><path fill=\"currentColor\" d=\"M259.3 17.8L194 150.2 47.9 171.5c-26.2 3.8-36.7 36.1-17.7 54.6l105.7 103-25 145.5c-4.5 26.3 23.2 46 46.4 33.7L288 439.6l130.7 68.7c23.2 12.2 50.9-7.4 46.4-33.7l-25-145.5 105.7-103c19-18.5 8.5-50.8-17.7-54.6L382 150.2 316.7 17.8c-11.7-23.6-45.6-23.9-57.4 0z\"><\/path><\/svg><\/div><\/span><\/div>\n\n\n\n<div class=\"wp-block-stackable-heading stk-block-heading stk-block-heading--v2 stk-block stk-d65a6bb\" id=\"implementamos\" data-block-id=\"d65a6bb\"><style>.stk-d65a6bb .stk-block-heading__text{color:#00d084 !important;}<\/style><h4 class=\"stk-block-heading__text has-text-color\">Implementamos<\/h4><\/div>\n<\/div><\/div>\n\n\n\n<div class=\"wp-block-stackable-text stk-block-text stk-block stk-f63ca38\" data-block-id=\"f63ca38\"><p class=\"stk-block-text__text\">Tomamos desde el Principio en base al Organigrama establecido<\/p><\/div>\n<\/div><\/div>\n<\/div><\/div><\/div>\n\n\n\n<div class=\"wp-block-stackable-column stk-block-column stk-column stk-block stk-eda6f38\" data-v=\"4\" data-block-id=\"eda6f38\"><div class=\"stk-column-wrapper stk-block-column__content stk-container stk-eda6f38-container stk--no-background stk--no-padding\"><div class=\"stk-block-content stk-inner-blocks stk-eda6f38-inner-blocks\">\n<div class=\"wp-block-stackable-icon-box stk-block-icon-box stk-block stk-d2ced0a\" data-v=\"2\" data-block-id=\"d2ced0a\"><div class=\"stk-block-content stk-inner-blocks stk-block-icon-box__content stk-container stk-d2ced0a-container stk--no-background stk--no-padding\">\n<div class=\"wp-block-stackable-icon-label stk-block-icon-label stk-block stk-fa92c47\" data-block-id=\"fa92c47\"><div class=\"stk-row stk-inner-blocks stk-block-content\">\n<div class=\"wp-block-stackable-icon stk-block-icon has-text-align-left stk-block stk-608bfc5\" data-block-id=\"608bfc5\"><\/div>\n\n\n\n<div class=\"wp-block-stackable-heading stk-block-heading stk-block-heading--v2 stk-block stk-8c58d35\" data-block-id=\"8c58d35\"><h4 class=\"stk-block-heading__text\"><\/h4><\/div>\n<\/div><\/div>\n\n\n\n<div class=\"wp-block-stackable-text stk-block-text stk-block stk-92d4c63\" data-block-id=\"92d4c63\"><p class=\"stk-block-text__text\"><\/p><\/div>\n<\/div><\/div>\n<\/div><\/div><\/div>\n<\/div><\/div>\n<\/div><\/div><\/div>\n<\/div><\/div>\n","protected":false},"excerpt":{"rendered":"<p>Desarrollo de proyectos especializados Implementamos redes de datos que combinan \u00e1reas de especializaci\u00f3n de ultima tecnologia, brindamos soluciones personalizadas de la mano con marcas certificadas de alta calidad lideres en el marcado. Identificamos Se interact\u00faa con todas el Personal Involucrado para poder definir los Procedimientos Dise\u00f1amos Se Efect\u00faa Nuevamente el Proceso Proponemos Manejamos Alternativas con [&hellip;]<\/p>\n","protected":false},"author":1,"featured_media":0,"parent":0,"menu_order":0,"comment_status":"closed","ping_status":"closed","template":"","meta":{"footnotes":""},"class_list":["post-18","page","type-page","status-publish","hentry"],"blocksy_meta":{"has_hero_section":"disabled","styles_descriptor":{"styles":{"desktop":"","tablet":"","mobile":""},"google_fonts":[],"version":6}},"_links":{"self":[{"href":"https:\/\/solredmansis.com.mx\/index.php\/wp-json\/wp\/v2\/pages\/18","targetHints":{"allow":["GET"]}}],"collection":[{"href":"https:\/\/solredmansis.com.mx\/index.php\/wp-json\/wp\/v2\/pages"}],"about":[{"href":"https:\/\/solredmansis.com.mx\/index.php\/wp-json\/wp\/v2\/types\/page"}],"author":[{"embeddable":true,"href":"https:\/\/solredmansis.com.mx\/index.php\/wp-json\/wp\/v2\/users\/1"}],"replies":[{"embeddable":true,"href":"https:\/\/solredmansis.com.mx\/index.php\/wp-json\/wp\/v2\/comments?post=18"}],"version-history":[{"count":6,"href":"https:\/\/solredmansis.com.mx\/index.php\/wp-json\/wp\/v2\/pages\/18\/revisions"}],"predecessor-version":[{"id":204,"href":"https:\/\/solredmansis.com.mx\/index.php\/wp-json\/wp\/v2\/pages\/18\/revisions\/204"}],"wp:attachment":[{"href":"https:\/\/solredmansis.com.mx\/index.php\/wp-json\/wp\/v2\/media?parent=18"}],"curies":[{"name":"wp","href":"https:\/\/api.w.org\/{rel}","templated":true}]}}