{"id":17,"date":"2024-11-06T17:45:29","date_gmt":"2024-11-06T17:45:29","guid":{"rendered":"https:\/\/solredmansis.com.mx\/?page_id=17"},"modified":"2024-11-11T17:44:59","modified_gmt":"2024-11-11T17:44:59","slug":"nosotros","status":"publish","type":"page","link":"https:\/\/solredmansis.com.mx\/index.php\/nosotros\/","title":{"rendered":"Nosotros"},"content":{"rendered":"\n<div class=\"wp-block-stackable-columns alignfull stk-block-columns stk-block stk-46a5810 stk-block-background\" data-block-id=\"46a5810\"><style>.stk-46a5810 {min-height:0px !important;align-items:center !important;margin-bottom:0px !important;display:flex !important;}.stk-46a5810-column{max-width:1500px !important;min-width:auto !important;--stk-columns-spacing:10px !important;--stk-column-gap:0px !important;row-gap:0px !important;}.stk-46a5810 > .stk-separator__top .stk-separator__wrapper{height:30px !important;}<\/style><div class=\"stk-row stk-inner-blocks stk-block-content stk-content-align stk-46a5810-column alignfull\">\n<div class=\"wp-block-stackable-column stk-block-column stk-column stk-block stk-ec75171\" data-v=\"4\" data-block-id=\"ec75171\"><div class=\"stk-column-wrapper stk-block-column__content stk-container stk-ec75171-container stk--no-background stk--no-padding\"><div class=\"stk-block-content stk-inner-blocks stk-ec75171-inner-blocks\">\n<div class=\"wp-block-stackable-columns stk-block-columns stk-block stk-9958e60\" data-block-id=\"9958e60\"><style>.stk-9958e60-column{--stk-column-gap:48px !important;}<\/style><div class=\"stk-row stk-inner-blocks stk-block-content stk-content-align stk-9958e60-column\">\n<div class=\"wp-block-stackable-column stk-block-column stk-column stk-block stk-f154fa5\" data-v=\"4\" data-block-id=\"f154fa5\"><style>.stk-f154fa5 {align-self:flex-start !important;margin-top:0px !important;}<\/style><div class=\"stk-column-wrapper stk-block-column__content stk-container stk-f154fa5-container stk--no-background stk--no-padding\"><div class=\"stk-block-content stk-inner-blocks stk-f154fa5-inner-blocks\">\n<div class=\"wp-block-stackable-image stk-block-image stk-block stk-3da95f3\" data-block-id=\"3da95f3\"><style>.stk-3da95f3 {align-items:flex-start !important;display:flex !important;}.stk-3da95f3 .stk-img-wrapper{height:388px !important;}<\/style><figure><span class=\"stk-img-wrapper stk-image--shape-stretch\"><img loading=\"lazy\" decoding=\"async\" class=\"stk-img wp-image-92\" src=\"https:\/\/solredmansis.com.mx\/wp-content\/uploads\/2024\/11\/ITDocumentation.png\" width=\"715\" height=\"428\" srcset=\"https:\/\/solredmansis.com.mx\/wp-content\/uploads\/2024\/11\/ITDocumentation.png 715w, https:\/\/solredmansis.com.mx\/wp-content\/uploads\/2024\/11\/ITDocumentation-600x359.png 600w, https:\/\/solredmansis.com.mx\/wp-content\/uploads\/2024\/11\/ITDocumentation-300x180.png 300w\" sizes=\"auto, (max-width: 715px) 100vw, 715px\" \/><\/span><\/figure><\/div>\n<\/div><\/div><\/div>\n\n\n\n<div class=\"wp-block-stackable-column stk-block-column stk-column stk-block stk-a0302a9\" data-v=\"4\" data-block-id=\"a0302a9\"><style>.stk-a0302a9 {align-self:flex-start !important;}.stk-a0302a9-container{min-height:388px !important;display:flex !important;}.stk-a0302a9-inner-blocks{justify-content:center !important;}<\/style><div class=\"stk-column-wrapper stk-block-column__content stk-container stk-a0302a9-container stk--no-background stk--no-padding\"><div class=\"stk-block-content stk-inner-blocks stk-a0302a9-inner-blocks\">\n<div class=\"wp-block-stackable-heading stk-block-heading stk-block-heading--v2 stk-block stk-a161a32\" id=\"bienvenidos\" data-block-id=\"a161a32\"><h3 class=\"stk-block-heading__text\">Bienvenidos<\/h3><\/div>\n\n\n\n<div class=\"wp-block-stackable-text stk-block-text stk-block stk-36e7006\" data-block-id=\"36e7006\"><p class=\"stk-block-text__text\"><em>Es una empresa 100% mexicana, que ofrece Soluciones de Tecnolog\u00edas de Informaci\u00f3n y Comunicaciones (T.I.C). Integrales, efectivas a trav\u00e9s de productos y servicios innovadores, logrando que nuestros clientes alcancen sus metas con eficiencia y rentabilidad.<\/em><\/p><\/div>\n\n\n\n<p><em>Durante los \u00faltimos a\u00f1os, hemos fortalecido el trabajo en nuestros sistemas de calidad para garantizar la inocuidad y consistencia de nuestros productos y servicios.<\/em><\/p>\n<\/div><\/div><\/div>\n<\/div><\/div>\n\n\n\n<div class=\"wp-block-stackable-divider stk-block-divider stk-block stk-40d7f6e\" data-block-id=\"40d7f6e\"><style>.stk-40d7f6e hr.stk-block-divider__hr{width:100% !important;}<\/style><hr class=\"stk-block-divider__hr\"\/><\/div>\n\n\n\n<div class=\"wp-block-stackable-columns stk-block-columns stk-block stk-1110c44\" data-block-id=\"1110c44\"><div class=\"stk-row stk-inner-blocks stk-block-content stk-content-align stk-1110c44-column\">\n<div class=\"wp-block-stackable-column stk-block-column stk-column stk-block stk-7d6507d\" data-v=\"4\" data-block-id=\"7d6507d\"><div class=\"stk-column-wrapper stk-block-column__content stk-container stk-7d6507d-container stk--no-background stk--no-padding\"><div class=\"stk-block-content stk-inner-blocks stk-7d6507d-inner-blocks\">\n<div class=\"wp-block-stackable-icon-label stk-block-icon-label stk-block stk-d5e2c3f\" data-block-id=\"d5e2c3f\"><div class=\"stk-row stk-inner-blocks stk-block-content\">\n<div class=\"wp-block-stackable-icon stk-block-icon has-text-align-left stk-block stk-5156598\" data-block-id=\"5156598\"><span class=\"stk--svg-wrapper\"><div class=\"stk--inner-svg\"><svg style=\"height:0;width:0\"><defs><linearGradient id=\"linear-gradient-5156598\" x1=\"0\" x2=\"100%\" y1=\"0\" y2=\"0\"><stop offset=\"0%\" style=\"stop-opacity:1;stop-color:var(--linear-gradient-5156598-color-1)\"><\/stop><stop offset=\"100%\" style=\"stop-opacity:1;stop-color:var(--linear-gradient-5156598-color-2)\"><\/stop><\/linearGradient><\/defs><\/svg><svg xmlns=\"http:\/\/www.w3.org\/2000\/svg\" viewBox=\"0 0 576 512\" aria-hidden=\"true\" width=\"32\" height=\"32\"><path d=\"M208 80c0-26.5 21.5-48 48-48h64c26.5 0 48 21.5 48 48v64c0 26.5-21.5 48-48 48h-8v40H464c30.9 0 56 25.1 56 56v32h8c26.5 0 48 21.5 48 48v64c0 26.5-21.5 48-48 48H464c-26.5 0-48-21.5-48-48V368c0-26.5 21.5-48 48-48h8V288c0-4.4-3.6-8-8-8H312v40h8c26.5 0 48 21.5 48 48v64c0 26.5-21.5 48-48 48H256c-26.5 0-48-21.5-48-48V368c0-26.5 21.5-48 48-48h8V280H112c-4.4 0-8 3.6-8 8v32h8c26.5 0 48 21.5 48 48v64c0 26.5-21.5 48-48 48H48c-26.5 0-48-21.5-48-48V368c0-26.5 21.5-48 48-48h8V288c0-30.9 25.1-56 56-56H264V192h-8c-26.5 0-48-21.5-48-48V80z\"><\/path><\/svg><\/div><\/span><\/div>\n\n\n\n<div class=\"wp-block-stackable-heading stk-block-heading stk-block-heading--v2 stk-block stk-86b1d22\" id=\"em-ventaja-competitiva-br-eficiencia-rentabilidad-servicio-garantia-em\" data-block-id=\"86b1d22\"><h5 class=\"stk-block-heading__text\"><em>Ventaja Competitiva<br>Eficiencia, Rentabilidad, Servicio, Garant\u00eda.<\/em><\/h5><\/div>\n<\/div><\/div>\n<\/div><\/div><\/div>\n\n\n\n<div class=\"wp-block-stackable-column stk-block-column stk-column stk-block stk-9d5c8bc\" data-v=\"4\" data-block-id=\"9d5c8bc\"><div class=\"stk-column-wrapper stk-block-column__content stk-container stk-9d5c8bc-container stk--no-background stk--no-padding\"><div class=\"stk-block-content stk-inner-blocks stk-9d5c8bc-inner-blocks\">\n<div class=\"wp-block-stackable-icon-label stk-block-icon-label stk-block stk-e0ed940\" data-block-id=\"e0ed940\"><div class=\"stk-row stk-inner-blocks stk-block-content\">\n<div class=\"wp-block-stackable-icon stk-block-icon has-text-align-left stk-block stk-e503f43\" data-block-id=\"e503f43\"><span class=\"stk--svg-wrapper\"><div class=\"stk--inner-svg\"><svg style=\"height:0;width:0\"><defs><linearGradient id=\"linear-gradient-e503f43\" x1=\"0\" x2=\"100%\" y1=\"0\" y2=\"0\"><stop offset=\"0%\" style=\"stop-opacity:1;stop-color:var(--linear-gradient-e-503-f-43-color-1)\"><\/stop><stop offset=\"100%\" style=\"stop-opacity:1;stop-color:var(--linear-gradient-e-503-f-43-color-2)\"><\/stop><\/linearGradient><\/defs><\/svg><svg xmlns=\"http:\/\/www.w3.org\/2000\/svg\" viewBox=\"0 0 512 512\" aria-hidden=\"true\" width=\"32\" height=\"32\"><path d=\"M176 24c0-13.3-10.7-24-24-24s-24 10.7-24 24V64c-35.3 0-64 28.7-64 64H24c-13.3 0-24 10.7-24 24s10.7 24 24 24H64v56H24c-13.3 0-24 10.7-24 24s10.7 24 24 24H64v56H24c-13.3 0-24 10.7-24 24s10.7 24 24 24H64c0 35.3 28.7 64 64 64v40c0 13.3 10.7 24 24 24s24-10.7 24-24V448h56v40c0 13.3 10.7 24 24 24s24-10.7 24-24V448h56v40c0 13.3 10.7 24 24 24s24-10.7 24-24V448c35.3 0 64-28.7 64-64h40c13.3 0 24-10.7 24-24s-10.7-24-24-24H448V280h40c13.3 0 24-10.7 24-24s-10.7-24-24-24H448V176h40c13.3 0 24-10.7 24-24s-10.7-24-24-24H448c0-35.3-28.7-64-64-64V24c0-13.3-10.7-24-24-24s-24 10.7-24 24V64H280V24c0-13.3-10.7-24-24-24s-24 10.7-24 24V64H176V24zM160 128H352c17.7 0 32 14.3 32 32V352c0 17.7-14.3 32-32 32H160c-17.7 0-32-14.3-32-32V160c0-17.7 14.3-32 32-32zm192 32H160V352H352V160z\"><\/path><\/svg><\/div><\/span><\/div>\n\n\n\n<div class=\"wp-block-stackable-heading stk-block-heading stk-block-heading--v2 stk-block stk-b92973b\" id=\"em-experiencia-br-sectores-financiero-tecnologico-industrial-educacion-em\" data-block-id=\"b92973b\"><h5 class=\"stk-block-heading__text\"><em>Experiencia<br>SECTORES: Financiero, Tecnol\u00f3gico, Industrial, Educaci\u00f3n.<\/em><\/h5><\/div>\n<\/div><\/div>\n<\/div><\/div><\/div>\n\n\n\n<div class=\"wp-block-stackable-column stk-block-column stk-column stk-block stk-e17bfaf\" data-v=\"4\" data-block-id=\"e17bfaf\"><div class=\"stk-column-wrapper stk-block-column__content stk-container stk-e17bfaf-container stk--no-background stk--no-padding\"><div class=\"stk-block-content stk-inner-blocks stk-e17bfaf-inner-blocks\">\n<div class=\"wp-block-stackable-icon-label stk-block-icon-label stk-block stk-d15d8e0\" data-block-id=\"d15d8e0\"><div class=\"stk-row stk-inner-blocks stk-block-content\">\n<div class=\"wp-block-stackable-icon stk-block-icon has-text-align-left stk-block stk-ecf6c82\" data-block-id=\"ecf6c82\"><span class=\"stk--svg-wrapper\"><div class=\"stk--inner-svg\"><svg style=\"height:0;width:0\"><defs><linearGradient id=\"linear-gradient-ecf6c82\" x1=\"0\" x2=\"100%\" y1=\"0\" y2=\"0\"><stop offset=\"0%\" style=\"stop-opacity:1;stop-color:var(--linear-gradient-ecf-6-c-82-color-1)\"><\/stop><stop offset=\"100%\" style=\"stop-opacity:1;stop-color:var(--linear-gradient-ecf-6-c-82-color-2)\"><\/stop><\/linearGradient><\/defs><\/svg><svg xmlns=\"http:\/\/www.w3.org\/2000\/svg\" viewBox=\"0 0 640 512\" aria-hidden=\"true\" width=\"32\" height=\"32\"><path d=\"M160 64c0-35.3 28.7-64 64-64H576c35.3 0 64 28.7 64 64V352c0 35.3-28.7 64-64 64H336.8c-11.8-25.5-29.9-47.5-52.4-64H384V320c0-17.7 14.3-32 32-32h64c17.7 0 32 14.3 32 32v32h64V64L224 64v49.1C205.2 102.2 183.3 96 160 96V64zm0 64a96 96 0 1 1 0 192 96 96 0 1 1 0-192zM133.3 352h53.3C260.3 352 320 411.7 320 485.3c0 14.7-11.9 26.7-26.7 26.7H26.7C11.9 512 0 500.1 0 485.3C0 411.7 59.7 352 133.3 352z\"><\/path><\/svg><\/div><\/span><\/div>\n\n\n\n<div class=\"wp-block-stackable-heading stk-block-heading stk-block-heading--v2 stk-block stk-f51848c\" id=\"em-servicios-br-profesionalidad-confianza-eficacia-calidad-tiempo-em\" data-block-id=\"f51848c\"><h5 class=\"stk-block-heading__text\"><em>Servicios<br>Profesionalidad, Confianza, Eficacia, Calidad, Tiempo.<\/em><\/h5><\/div>\n<\/div><\/div>\n<\/div><\/div><\/div>\n<\/div><\/div>\n\n\n\n<div class=\"wp-block-cover alignfull\"><span aria-hidden=\"true\" class=\"wp-block-cover__background has-background-dim\"><\/span><img loading=\"lazy\" decoding=\"async\" width=\"1024\" height=\"683\" class=\"wp-block-cover__image-background wp-image-167\" alt=\"\" src=\"https:\/\/solredmansis.com.mx\/wp-content\/uploads\/2024\/11\/image-4-1024x683.png\" data-object-fit=\"cover\" srcset=\"https:\/\/solredmansis.com.mx\/wp-content\/uploads\/2024\/11\/image-4-1024x683.png 1024w, https:\/\/solredmansis.com.mx\/wp-content\/uploads\/2024\/11\/image-4-600x400.png 600w, https:\/\/solredmansis.com.mx\/wp-content\/uploads\/2024\/11\/image-4-300x200.png 300w, https:\/\/solredmansis.com.mx\/wp-content\/uploads\/2024\/11\/image-4-768x512.png 768w, https:\/\/solredmansis.com.mx\/wp-content\/uploads\/2024\/11\/image-4-1536x1025.png 1536w, https:\/\/solredmansis.com.mx\/wp-content\/uploads\/2024\/11\/image-4-2048x1366.png 2048w\" sizes=\"auto, (max-width: 1024px) 100vw, 1024px\" \/><div class=\"wp-block-cover__inner-container is-layout-flow wp-block-cover-is-layout-flow\">\n<p class=\"has-text-align-center has-large-font-size\"><em>Esta empresa surge como respuesta a la creciente demanda de servicios profesionales en las \u00e1reas de Inform\u00e1tica y Sistemas, orientada principalmente a ofrecer soluciones en el desarrollo tecnol\u00f3gico de las empresas en M\u00e9xico.<\/em><\/p>\n<\/div><\/div>\n<\/div><\/div><\/div>\n<\/div><\/div>\n\n\n\n<p><\/p>\n","protected":false},"excerpt":{"rendered":"<p>Bienvenidos Es una empresa 100% mexicana, que ofrece Soluciones de Tecnolog\u00edas de Informaci\u00f3n y Comunicaciones (T.I.C). Integrales, efectivas a trav\u00e9s de productos y servicios innovadores, logrando que nuestros clientes alcancen sus metas con eficiencia y rentabilidad. Durante los \u00faltimos a\u00f1os, hemos fortalecido el trabajo en nuestros sistemas de calidad para garantizar la inocuidad y consistencia [&hellip;]<\/p>\n","protected":false},"author":1,"featured_media":0,"parent":0,"menu_order":0,"comment_status":"closed","ping_status":"closed","template":"","meta":{"footnotes":""},"class_list":["post-17","page","type-page","status-publish","hentry"],"blocksy_meta":{"has_hero_section":"disabled","content_style_source":"custom","content_style":"boxed","styles_descriptor":{"styles":{"desktop":"[data-prefix=\"single_page\"] [class*=\"ct-container\"] > article[class*=\"post\"] {--has-boxed:var(--true);--has-wide:var(--false);background-color:var(--has-background, var(--theme-palette-color-8));--theme-boxed-content-border-radius:3px;--theme-boxed-content-spacing:40px;--theme-boxed-content-box-shadow:0px 12px 18px -6px rgba(34, 56, 101, 0.04);}","tablet":"[data-prefix=\"single_page\"] [class*=\"ct-container\"] > article[class*=\"post\"] {--theme-boxed-content-spacing:35px;}","mobile":"[data-prefix=\"single_page\"] [class*=\"ct-container\"] > article[class*=\"post\"] {--theme-boxed-content-spacing:20px;}"},"google_fonts":[],"version":6},"vertical_spacing_source":"custom","content_area_spacing":"none"},"_links":{"self":[{"href":"https:\/\/solredmansis.com.mx\/index.php\/wp-json\/wp\/v2\/pages\/17","targetHints":{"allow":["GET"]}}],"collection":[{"href":"https:\/\/solredmansis.com.mx\/index.php\/wp-json\/wp\/v2\/pages"}],"about":[{"href":"https:\/\/solredmansis.com.mx\/index.php\/wp-json\/wp\/v2\/types\/page"}],"author":[{"embeddable":true,"href":"https:\/\/solredmansis.com.mx\/index.php\/wp-json\/wp\/v2\/users\/1"}],"replies":[{"embeddable":true,"href":"https:\/\/solredmansis.com.mx\/index.php\/wp-json\/wp\/v2\/comments?post=17"}],"version-history":[{"count":16,"href":"https:\/\/solredmansis.com.mx\/index.php\/wp-json\/wp\/v2\/pages\/17\/revisions"}],"predecessor-version":[{"id":169,"href":"https:\/\/solredmansis.com.mx\/index.php\/wp-json\/wp\/v2\/pages\/17\/revisions\/169"}],"wp:attachment":[{"href":"https:\/\/solredmansis.com.mx\/index.php\/wp-json\/wp\/v2\/media?parent=17"}],"curies":[{"name":"wp","href":"https:\/\/api.w.org\/{rel}","templated":true}]}}